{"id":255,"date":"2013-08-12T22:51:52","date_gmt":"2013-08-12T13:51:52","guid":{"rendered":"http:\/\/www.ktrick.com\/?page_id=255"},"modified":"2024-01-08T17:24:23","modified_gmt":"2024-01-08T08:24:23","slug":"contactus","status":"publish","type":"page","link":"https:\/\/www.ktrick.com\/en\/contactus\/","title":{"rendered":"\u304a\u554f\u3044\u5408\u305b"},"content":{"rendered":"\n<div class=\"wpcf7 no-js\" id=\"wpcf7-f834-o1\" lang=\"ja\" dir=\"ltr\">\n<div class=\"screen-reader-response\"><p role=\"status\" aria-live=\"polite\" aria-atomic=\"true\"><\/p> <ul><\/ul><\/div>\n<form action=\"\/en\/wp-json\/wp\/v2\/pages\/255#wpcf7-f834-o1\" method=\"post\" class=\"wpcf7-form init\" aria-label=\"\u30b3\u30f3\u30bf\u30af\u30c8\u30d5\u30a9\u30fc\u30e0\" novalidate=\"novalidate\" data-status=\"init\">\n<div style=\"display: none;\">\n<input type=\"hidden\" name=\"_wpcf7\" value=\"834\" \/>\n<input type=\"hidden\" name=\"_wpcf7_version\" value=\"5.8.5\" \/>\n<input type=\"hidden\" name=\"_wpcf7_locale\" value=\"ja\" \/>\n<input type=\"hidden\" name=\"_wpcf7_unit_tag\" value=\"wpcf7-f834-o1\" \/>\n<input type=\"hidden\" name=\"_wpcf7_container_post\" value=\"0\" \/>\n<input type=\"hidden\" name=\"_wpcf7_posted_data_hash\" value=\"\" \/>\n<input type=\"hidden\" name=\"_wpcf7_recaptcha_response\" value=\"\" \/>\n<\/div>\n<p class=\"c2\"><span class=\"menu-badge__text\" style=\"background: rgba(233, 22, 140, .2) !important;\">\u5fc5\u9808<\/span>\u304a\u540d\u524d\n<\/p>\n<p><span class=\"wpcf7-form-control-wrap\" data-name=\"your-name\"><input size=\"40\" class=\"wpcf7-form-control wpcf7-text wpcf7-validates-as-required\" aria-required=\"true\" aria-invalid=\"false\" placeholder=\"\u4f8b\uff1a\u9234\u6728 \u592a\u90ce\" value=\"\" type=\"text\" name=\"your-name\" \/><\/span>\n<\/p>\n<p class=\"c1\"><span class=\"menu-badge__text\" style=\"background: rgba(233, 22, 140, .2) !important;\">\u5fc5\u9808<\/span>\u30e1\u30fc\u30eb\u30a2\u30c9\u30ec\u30b9\n<\/p>\n<p><span class=\"wpcf7-form-control-wrap\" data-name=\"your-email\"><input size=\"40\" class=\"wpcf7-form-control wpcf7-email wpcf7-validates-as-required wpcf7-text wpcf7-validates-as-email\" aria-required=\"true\" aria-invalid=\"false\" placeholder=\"\u4f8b\uff1a\u00d7\u00d7\u00d7@\u00d7\u00d7\u00d7.com\" value=\"\" type=\"email\" name=\"your-email\" \/><\/span>\n<\/p>\n<p class=\"c2\">\u4f1a\u793e\u540d\n<\/p>\n<p><span class=\"wpcf7-form-control-wrap\" data-name=\"your-company\"><input size=\"40\" class=\"wpcf7-form-control wpcf7-text\" aria-invalid=\"false\" placeholder=\"\u4f8b\uff1a\u30b1\u30fc\u30c8\u30ea\u30c3\u30af\u682a\u5f0f\u4f1a\u793e\" value=\"\" type=\"text\" name=\"your-company\" \/><\/span>\n<\/p>\n<p class=\"c1\">\u6240\u5c5e\u90e8\u7f72\n<\/p>\n<p><span class=\"wpcf7-form-control-wrap\" data-name=\"your-department\"><input size=\"40\" class=\"wpcf7-form-control wpcf7-text\" aria-invalid=\"false\" placeholder=\"\u4f8b\uff1a\u30b7\u30b9\u30c6\u30e0\u4f01\u753b\u90e8\" value=\"\" type=\"text\" name=\"your-department\" \/><\/span>\n<\/p>\n<p class=\"c2\"><span class=\"menu-badge__text\" style=\"background: rgba(233, 22, 140, .2) !important;\">\u5fc5\u9808<\/span>\u96fb\u8a71\u756a\u53f7\n<\/p>\n<p><span class=\"wpcf7-form-control-wrap\" data-name=\"your-phone\"><input size=\"40\" class=\"wpcf7-form-control wpcf7-text wpcf7-validates-as-required\" aria-required=\"true\" aria-invalid=\"false\" placeholder=\"\u4f8b\uff1a050-3553-7673\" value=\"\" type=\"text\" name=\"your-phone\" \/><\/span>\n<\/p>\n<p class=\"c1 last\"><span class=\"menu-badge__text\" style=\"background: rgba(233, 22, 140, .2) !important;\">\u5fc5\u9808<\/span>\u30e1\u30c3\u30bb\u30fc\u30b8\u672c\u6587\n<\/p>\n<p><span class=\"wpcf7-form-control-wrap\" data-name=\"your-message\"><textarea cols=\"40\" rows=\"10\" class=\"wpcf7-form-control wpcf7-textarea wpcf7-validates-as-required\" aria-required=\"true\" aria-invalid=\"false\" placeholder=\"\u4f8b\uff1a\u30b7\u30b9\u30c6\u30e0\u958b\u767a\u3092\u4f9d\u983c\u3057\u307e\u3059\u3002\" name=\"your-message\"><\/textarea><\/span>\n<\/p>\n<p><input class=\"wpcf7-form-control wpcf7-submit has-spinner\" type=\"submit\" value=\"\u9001\u4fe1\" \/>\n<\/p>\n<p>\u3053\u306e\u30b5\u30a4\u30c8\u306freCAPTCHA\u306b\u3088\u3063\u3066\u4fdd\u8b77\u3055\u308c\u3066\u304a\u308a<a href=\"https:\/\/policies.google.com\/privacy\">\u30d7\u30e9\u30a4\u30d0\u30b7\u30fc\u30dd\u30ea\u30b7\u30fc<\/a>\u3068<a href=\"https:\/\/policies.google.com\/terms\">\u5229\u7528\u898f\u7d04<\/a>\u304c\u9069\u7528\u3055\u308c\u307e\u3059\u3002\n<\/p><p style=\"display: none !important;\" class=\"akismet-fields-container\" data-prefix=\"_wpcf7_ak_\"><label>&#916;<textarea name=\"_wpcf7_ak_hp_textarea\" cols=\"45\" rows=\"8\" maxlength=\"100\"><\/textarea><\/label><input type=\"hidden\" id=\"ak_js_1\" name=\"_wpcf7_ak_js\" value=\"234\"\/><script>document.getElementById( \"ak_js_1\" ).setAttribute( \"value\", ( new Date() ).getTime() );<\/script><\/p><div class=\"wpcf7-response-output\" aria-hidden=\"true\"><\/div>\n<\/form>\n<\/div>\n\n","protected":false},"excerpt":{"rendered":"\u5fc5\u9808\u304a\u540d\u524d \u5fc5\u9808\u30e1\u30fc\u30eb\u30a2\u30c9\u30ec\u30b9 \u4f1a\u793e\u540d  [&hellip;]","protected":false},"author":1,"featured_media":131761,"parent":0,"menu_order":23,"comment_status":"closed","ping_status":"closed","template":"","meta":{"footnotes":""},"yoast_head":"<!-- This site is optimized with the Yoast SEO plugin v21.8 - https:\/\/yoast.com\/wordpress\/plugins\/seo\/ -->\n<title>\u304a\u554f\u3044\u5408\u305b | XPages\u3001IBM Notes\/Domino\u306e\u30e2\u30d0\u30a4\u30eb\u30fbWEB\u30a2\u30d7\u30ea\u306e\u958b\u767a\u3001\u6280\u8853\u652f\u63f4 - \u30b1\u30fc\u30c8\u30ea\u30c3\u30af\u682a\u5f0f\u4f1a\u793e<\/title>\n<meta name=\"robots\" content=\"index, follow, max-snippet:-1, max-image-preview:large, max-video-preview:-1\" \/>\n<link rel=\"canonical\" href=\"https:\/\/www.ktrick.com\/contactus\/\" \/>\n<meta property=\"og:locale\" content=\"en_US\" \/>\n<meta property=\"og:type\" content=\"article\" \/>\n<meta property=\"og:title\" content=\"\u304a\u554f\u3044\u5408\u305b | XPages\u3001IBM Notes\/Domino\u306e\u30e2\u30d0\u30a4\u30eb\u30fbWEB\u30a2\u30d7\u30ea\u306e\u958b\u767a\u3001\u6280\u8853\u652f\u63f4 - \u30b1\u30fc\u30c8\u30ea\u30c3\u30af\u682a\u5f0f\u4f1a\u793e\" \/>\n<meta property=\"og:url\" content=\"https:\/\/www.ktrick.com\/contactus\/\" \/>\n<meta property=\"og:site_name\" content=\"XPages\u3001IBM Notes\/Domino\u306e\u30e2\u30d0\u30a4\u30eb\u30fbWEB\u30a2\u30d7\u30ea\u306e\u958b\u767a\u3001\u6280\u8853\u652f\u63f4 - \u30b1\u30fc\u30c8\u30ea\u30c3\u30af\u682a\u5f0f\u4f1a\u793e\" \/>\n<meta property=\"article:publisher\" content=\"https:\/\/www.facebook.com\/ktrickLLC\" \/>\n<meta property=\"article:modified_time\" content=\"2024-01-08T08:24:23+00:00\" \/>\n<meta property=\"og:image\" content=\"https:\/\/www.ktrick.com\/wp-content\/uploads\/2024\/01\/shutterstock_319115513.jpg\" \/>\n\t<meta property=\"og:image:width\" content=\"500\" \/>\n\t<meta property=\"og:image:height\" content=\"334\" \/>\n\t<meta property=\"og:image:type\" content=\"image\/jpeg\" \/>\n<meta name=\"twitter:card\" content=\"summary_large_image\" \/>\n<meta name=\"twitter:site\" content=\"@KtrickL\" \/>\n<script type=\"application\/ld+json\" class=\"yoast-schema-graph\">{\"@context\":\"https:\/\/schema.org\",\"@graph\":[{\"@type\":\"WebPage\",\"@id\":\"https:\/\/www.ktrick.com\/contactus\/\",\"url\":\"https:\/\/www.ktrick.com\/contactus\/\",\"name\":\"\u304a\u554f\u3044\u5408\u305b | XPages\u3001IBM Notes\/Domino\u306e\u30e2\u30d0\u30a4\u30eb\u30fbWEB\u30a2\u30d7\u30ea\u306e\u958b\u767a\u3001\u6280\u8853\u652f\u63f4 - \u30b1\u30fc\u30c8\u30ea\u30c3\u30af\u682a\u5f0f\u4f1a\u793e\",\"isPartOf\":{\"@id\":\"https:\/\/www.ktrick.com\/#website\"},\"datePublished\":\"2013-08-12T13:51:52+00:00\",\"dateModified\":\"2024-01-08T08:24:23+00:00\",\"breadcrumb\":{\"@id\":\"https:\/\/www.ktrick.com\/contactus\/#breadcrumb\"},\"inLanguage\":\"en-US\",\"potentialAction\":[{\"@type\":\"ReadAction\",\"target\":[\"https:\/\/www.ktrick.com\/contactus\/\"]}]},{\"@type\":\"BreadcrumbList\",\"@id\":\"https:\/\/www.ktrick.com\/contactus\/#breadcrumb\",\"itemListElement\":[{\"@type\":\"ListItem\",\"position\":1,\"name\":\"\u30db\u30fc\u30e0\",\"item\":\"https:\/\/www.ktrick.com\/\"},{\"@type\":\"ListItem\",\"position\":2,\"name\":\"\u304a\u554f\u3044\u5408\u305b\"}]},{\"@type\":\"WebSite\",\"@id\":\"https:\/\/www.ktrick.com\/#website\",\"url\":\"https:\/\/www.ktrick.com\/\",\"name\":\"XPages\u3001HCL Notes\/Domino\u306e\u30e2\u30d0\u30a4\u30eb\u30fbWEB\u30a2\u30d7\u30ea\u306e\u958b\u767a\u3001\u6280\u8853\u652f\u63f4 - \u30b1\u30fc\u30c8\u30ea\u30c3\u30af\u682a\u5f0f\u4f1a\u793e\",\"description\":\"HCL Notes\/Domino\u306e\u4fdd\u5b88\u3001\u30b5\u30fc\u30d0\u30fc\u7ba1\u7406\u304b\u3089\u30a2\u30d7\u30ea\u958b\u767a\u3001\u30af\u30e9\u30a6\u30c9\u904b\u7528\u307e\u3067\u5168\u3066\u3092\u30b5\u30dd\u30fc\u30c8\",\"publisher\":{\"@id\":\"https:\/\/www.ktrick.com\/#organization\"},\"potentialAction\":[{\"@type\":\"SearchAction\",\"target\":{\"@type\":\"EntryPoint\",\"urlTemplate\":\"https:\/\/www.ktrick.com\/?s={search_term_string}\"},\"query-input\":\"required name=search_term_string\"}],\"inLanguage\":\"en-US\"},{\"@type\":\"Organization\",\"@id\":\"https:\/\/www.ktrick.com\/#organization\",\"name\":\"\u30b1\u30fc\u30c8\u30ea\u30c3\u30af\u682a\u5f0f\u4f1a\u793e\",\"url\":\"https:\/\/www.ktrick.com\/\",\"logo\":{\"@type\":\"ImageObject\",\"inLanguage\":\"en-US\",\"@id\":\"https:\/\/www.ktrick.com\/#\/schema\/logo\/image\/\",\"url\":\"https:\/\/www.ktrick.com\/wp-content\/uploads\/2019\/09\/KTRICK_300x300.png\",\"contentUrl\":\"https:\/\/www.ktrick.com\/wp-content\/uploads\/2019\/09\/KTRICK_300x300.png\",\"width\":300,\"height\":300,\"caption\":\"\u30b1\u30fc\u30c8\u30ea\u30c3\u30af\u682a\u5f0f\u4f1a\u793e\"},\"image\":{\"@id\":\"https:\/\/www.ktrick.com\/#\/schema\/logo\/image\/\"},\"sameAs\":[\"https:\/\/www.facebook.com\/ktrickLLC\",\"https:\/\/twitter.com\/KtrickL\"]}]}<\/script>\n<!-- \/ Yoast SEO plugin. -->","yoast_head_json":{"title":"\u304a\u554f\u3044\u5408\u305b | XPages\u3001IBM Notes\/Domino\u306e\u30e2\u30d0\u30a4\u30eb\u30fbWEB\u30a2\u30d7\u30ea\u306e\u958b\u767a\u3001\u6280\u8853\u652f\u63f4 - \u30b1\u30fc\u30c8\u30ea\u30c3\u30af\u682a\u5f0f\u4f1a\u793e","robots":{"index":"index","follow":"follow","max-snippet":"max-snippet:-1","max-image-preview":"max-image-preview:large","max-video-preview":"max-video-preview:-1"},"canonical":"https:\/\/www.ktrick.com\/contactus\/","og_locale":"en_US","og_type":"article","og_title":"\u304a\u554f\u3044\u5408\u305b | XPages\u3001IBM Notes\/Domino\u306e\u30e2\u30d0\u30a4\u30eb\u30fbWEB\u30a2\u30d7\u30ea\u306e\u958b\u767a\u3001\u6280\u8853\u652f\u63f4 - \u30b1\u30fc\u30c8\u30ea\u30c3\u30af\u682a\u5f0f\u4f1a\u793e","og_url":"https:\/\/www.ktrick.com\/contactus\/","og_site_name":"XPages\u3001IBM Notes\/Domino\u306e\u30e2\u30d0\u30a4\u30eb\u30fbWEB\u30a2\u30d7\u30ea\u306e\u958b\u767a\u3001\u6280\u8853\u652f\u63f4 - \u30b1\u30fc\u30c8\u30ea\u30c3\u30af\u682a\u5f0f\u4f1a\u793e","article_publisher":"https:\/\/www.facebook.com\/ktrickLLC","article_modified_time":"2024-01-08T08:24:23+00:00","og_image":[{"width":500,"height":334,"url":"https:\/\/www.ktrick.com\/wp-content\/uploads\/2024\/01\/shutterstock_319115513.jpg","type":"image\/jpeg"}],"twitter_card":"summary_large_image","twitter_site":"@KtrickL","schema":{"@context":"https:\/\/schema.org","@graph":[{"@type":"WebPage","@id":"https:\/\/www.ktrick.com\/contactus\/","url":"https:\/\/www.ktrick.com\/contactus\/","name":"\u304a\u554f\u3044\u5408\u305b | XPages\u3001IBM Notes\/Domino\u306e\u30e2\u30d0\u30a4\u30eb\u30fbWEB\u30a2\u30d7\u30ea\u306e\u958b\u767a\u3001\u6280\u8853\u652f\u63f4 - \u30b1\u30fc\u30c8\u30ea\u30c3\u30af\u682a\u5f0f\u4f1a\u793e","isPartOf":{"@id":"https:\/\/www.ktrick.com\/#website"},"datePublished":"2013-08-12T13:51:52+00:00","dateModified":"2024-01-08T08:24:23+00:00","breadcrumb":{"@id":"https:\/\/www.ktrick.com\/contactus\/#breadcrumb"},"inLanguage":"en-US","potentialAction":[{"@type":"ReadAction","target":["https:\/\/www.ktrick.com\/contactus\/"]}]},{"@type":"BreadcrumbList","@id":"https:\/\/www.ktrick.com\/contactus\/#breadcrumb","itemListElement":[{"@type":"ListItem","position":1,"name":"\u30db\u30fc\u30e0","item":"https:\/\/www.ktrick.com\/"},{"@type":"ListItem","position":2,"name":"\u304a\u554f\u3044\u5408\u305b"}]},{"@type":"WebSite","@id":"https:\/\/www.ktrick.com\/#website","url":"https:\/\/www.ktrick.com\/","name":"XPages\u3001HCL Notes\/Domino\u306e\u30e2\u30d0\u30a4\u30eb\u30fbWEB\u30a2\u30d7\u30ea\u306e\u958b\u767a\u3001\u6280\u8853\u652f\u63f4 - \u30b1\u30fc\u30c8\u30ea\u30c3\u30af\u682a\u5f0f\u4f1a\u793e","description":"HCL Notes\/Domino\u306e\u4fdd\u5b88\u3001\u30b5\u30fc\u30d0\u30fc\u7ba1\u7406\u304b\u3089\u30a2\u30d7\u30ea\u958b\u767a\u3001\u30af\u30e9\u30a6\u30c9\u904b\u7528\u307e\u3067\u5168\u3066\u3092\u30b5\u30dd\u30fc\u30c8","publisher":{"@id":"https:\/\/www.ktrick.com\/#organization"},"potentialAction":[{"@type":"SearchAction","target":{"@type":"EntryPoint","urlTemplate":"https:\/\/www.ktrick.com\/?s={search_term_string}"},"query-input":"required name=search_term_string"}],"inLanguage":"en-US"},{"@type":"Organization","@id":"https:\/\/www.ktrick.com\/#organization","name":"\u30b1\u30fc\u30c8\u30ea\u30c3\u30af\u682a\u5f0f\u4f1a\u793e","url":"https:\/\/www.ktrick.com\/","logo":{"@type":"ImageObject","inLanguage":"en-US","@id":"https:\/\/www.ktrick.com\/#\/schema\/logo\/image\/","url":"https:\/\/www.ktrick.com\/wp-content\/uploads\/2019\/09\/KTRICK_300x300.png","contentUrl":"https:\/\/www.ktrick.com\/wp-content\/uploads\/2019\/09\/KTRICK_300x300.png","width":300,"height":300,"caption":"\u30b1\u30fc\u30c8\u30ea\u30c3\u30af\u682a\u5f0f\u4f1a\u793e"},"image":{"@id":"https:\/\/www.ktrick.com\/#\/schema\/logo\/image\/"},"sameAs":["https:\/\/www.facebook.com\/ktrickLLC","https:\/\/twitter.com\/KtrickL"]}]}},"_links":{"self":[{"href":"https:\/\/www.ktrick.com\/en\/wp-json\/wp\/v2\/pages\/255"}],"collection":[{"href":"https:\/\/www.ktrick.com\/en\/wp-json\/wp\/v2\/pages"}],"about":[{"href":"https:\/\/www.ktrick.com\/en\/wp-json\/wp\/v2\/types\/page"}],"author":[{"embeddable":true,"href":"https:\/\/www.ktrick.com\/en\/wp-json\/wp\/v2\/users\/1"}],"replies":[{"embeddable":true,"href":"https:\/\/www.ktrick.com\/en\/wp-json\/wp\/v2\/comments?post=255"}],"version-history":[{"count":5,"href":"https:\/\/www.ktrick.com\/en\/wp-json\/wp\/v2\/pages\/255\/revisions"}],"predecessor-version":[{"id":836,"href":"https:\/\/www.ktrick.com\/en\/wp-json\/wp\/v2\/pages\/255\/revisions\/836"}],"wp:featuredmedia":[{"embeddable":true,"href":"https:\/\/www.ktrick.com\/en\/wp-json\/wp\/v2\/media\/131761"}],"wp:attachment":[{"href":"https:\/\/www.ktrick.com\/en\/wp-json\/wp\/v2\/media?parent=255"}],"curies":[{"name":"wp","href":"https:\/\/api.w.org\/{rel}","templated":true}]}}